{"id":15,"date":"2011-08-29T16:19:46","date_gmt":"2011-08-29T14:19:46","guid":{"rendered":"http:\/\/hantayo.fr\/site\/?page_id=15"},"modified":"2024-09-08T16:18:34","modified_gmt":"2024-09-08T14:18:34","slug":"presentation","status":"publish","type":"page","link":"https:\/\/hantayo.fr\/web\/presentation\/","title":{"rendered":"Hantayo"},"content":{"rendered":"<p><img decoding=\"async\" loading=\"lazy\" style=\"border-style: initial; border-color: initial;\" title=\"shim\" src=\"http:\/\/hantayo.fr\/web\/wp-content\/uploads\/2011\/08\/shim.png\" alt=\"shim\" width=\"622\" height=\"18\" \/><\/p>\n<p>Situ\u00e9 au c\u0153ur du Pays de Serres \u00e0 la fronti\u00e8re du Quercy, la ferme \u00e9questre Hantayo vous propose diff\u00e9rents itin\u00e9raires \u00e0 parcourir sur des chevaux choisis pour leurs aptitudes en ext\u00e9rieur. Dans cette r\u00e9gion charg\u00e9e d&#8217;histoire, venez vivre l&#8217;\u00e9pop\u00e9e Cathare. Chaque sortie est \u00e0 th\u00e8me et vous invite autant \u00e0 la d\u00e9couverte qu&#8217;\u00e0 l&#8217;introspection.<\/p>\n<p>La ferme Hantayo est situ\u00e9e dans une campagne pr\u00e9serv\u00e9e, \u00e0 Saint-Robert, sur le canton de Laroque Timbaut, \u00e0 \u00ab\u00a0Lamouroux\u00a0\u00bb, en Pays de Serres dans un cadre privil\u00e9gi\u00e9 et accueillant.<\/p>\n<table border=\"0\" cellspacing=\"5\" cellpadding=\"5\">\n<tbody>\n<tr>\n<td align=\"left\" valign=\"middle\"><img decoding=\"async\" loading=\"lazy\" class=\"size-full wp-image-137\" title=\"Ferme \u00e9questre Hantayo\" src=\"http:\/\/hantayo.fr\/web\/wp-content\/uploads\/2011\/08\/pix-2.jpg\" alt=\"Ferme \u00e9questre Hantayo\" width=\"359\" height=\"270\" srcset=\"https:\/\/hantayo.fr\/web\/wp-content\/uploads\/2011\/08\/pix-2.jpg 665w, https:\/\/hantayo.fr\/web\/wp-content\/uploads\/2011\/08\/pix-2-300x225.jpg 300w\" sizes=\"(max-width: 359px) 100vw, 359px\" \/><\/td>\n<td align=\"left\" valign=\"middle\"><img decoding=\"async\" loading=\"lazy\" class=\"alignnone size-full wp-image-117\" title=\"pt-vert\" src=\"http:\/\/hantayo.fr\/web\/wp-content\/uploads\/2011\/08\/pt-vert.gif\" alt=\"pt-vert\" width=\"10\" height=\"10\" \/>56 poneys et chevaux<br \/>\n<img decoding=\"async\" loading=\"lazy\" style=\"border-style: initial; border-color: initial; font-size: 11px; line-height: normal; text-align: -webkit-left;\" title=\"pt-vert\" src=\"http:\/\/hantayo.fr\/web\/wp-content\/uploads\/2011\/08\/pt-vert.gif\" alt=\"pt-vert\" width=\"10\" height=\"10\" \/>un centre d&#8217;h\u00e9bergement<br \/>\n<img decoding=\"async\" loading=\"lazy\" class=\"\" style=\"border-style: initial; border-color: initial; font-size: 11px; line-height: normal; text-align: -webkit-left;\" title=\"pt-vert\" src=\"http:\/\/hantayo.fr\/web\/wp-content\/uploads\/2011\/08\/pt-vert.gif\" alt=\"pt-vert\" width=\"10\" height=\"10\" \/>une salle conviviale\u00a0pour\u00a0les\u00a0ateliers<br \/>\n<img decoding=\"async\" loading=\"lazy\" class=\"\" style=\"border-style: initial; border-color: initial; font-size: 11px; line-height: normal; text-align: -webkit-left;\" title=\"pt-vert\" src=\"http:\/\/hantayo.fr\/web\/wp-content\/uploads\/2011\/08\/pt-vert.gif\" alt=\"pt-vert\" width=\"10\" height=\"10\" \/>3 chambres d&#8217;h\u00f4tes<\/p>\n<p><a href=\"https:\/\/hantayo.fr\/web\/wp-content\/uploads\/2022\/09\/vue-aerienne-hantayo.jpg\"><img decoding=\"async\" loading=\"lazy\" class=\"alignleft  wp-image-1134\" src=\"https:\/\/hantayo.fr\/web\/wp-content\/uploads\/2022\/09\/vue-aerienne-hantayo-150x150.jpg\" alt=\"\" width=\"191\" height=\"191\" \/><\/a><\/td>\n<\/tr>\n<\/tbody>\n<\/table>\n<p>Dans un \u00e9crin de 80 hectares, la ferme \u00e9questre Hantayo est constitu\u00e9e d&#8217;une grange, de plusieurs abris\/boxes pour les chevaux, d&#8217;un espace de travail \u00e9questre, de deux selleries, d&#8217;un lieu d&#8217;accueil et d&#8217;un bureau. Nous vous y accueillons toute l&#8217;ann\u00e9e aux horaires d&#8217;ouverture (9h=&gt;18h) sauf le dimanche (uniquement sur rendez-vous).<\/p>\n<h3 style=\"line-height: normal; text-align: -webkit-left;\">Le cheval au c\u0153ur de notre vie<\/h3>\n<p>Passionn\u00e9s de chevaux depuis leurs premi\u00e8res ann\u00e9es, Sylvie Recoussine et Eric Bethouli\u00e8res souhaitent partager leur amour des chevaux en ouvrant leur ferme aux particuliers et aux groupes qui souhaiteraient d\u00e9couvrir la vie \u00e0 la ferme. Au c\u0153ur de la nature, Hantayo est un espace accueillant o\u00f9 les chevaux font partie de leur grande famille, o\u00f9 chacun y trouve sa place.<\/p>\n","protected":false},"excerpt":{"rendered":"<p>Situ\u00e9 au c\u0153ur du Pays de Serres \u00e0 la fronti\u00e8re du Quercy, la ferme \u00e9questre Hantayo vous propose diff\u00e9rents itin\u00e9raires \u00e0 parcourir sur des chevaux choisis pour leurs aptitudes en ext\u00e9rieur. Dans cette r\u00e9gion charg\u00e9e d&#8217;histoire, venez vivre l&#8217;\u00e9pop\u00e9e Cathare. Chaque sortie est \u00e0 th\u00e8me et vous invite autant \u00e0 la d\u00e9couverte qu&#8217;\u00e0 l&#8217;introspection. La [&hellip;]<\/p>\n","protected":false},"author":3,"featured_media":0,"parent":0,"menu_order":2,"comment_status":"closed","ping_status":"open","template":"","meta":[],"_links":{"self":[{"href":"https:\/\/hantayo.fr\/web\/wp-json\/wp\/v2\/pages\/15"}],"collection":[{"href":"https:\/\/hantayo.fr\/web\/wp-json\/wp\/v2\/pages"}],"about":[{"href":"https:\/\/hantayo.fr\/web\/wp-json\/wp\/v2\/types\/page"}],"author":[{"embeddable":true,"href":"https:\/\/hantayo.fr\/web\/wp-json\/wp\/v2\/users\/3"}],"replies":[{"embeddable":true,"href":"https:\/\/hantayo.fr\/web\/wp-json\/wp\/v2\/comments?post=15"}],"version-history":[{"count":6,"href":"https:\/\/hantayo.fr\/web\/wp-json\/wp\/v2\/pages\/15\/revisions"}],"predecessor-version":[{"id":1188,"href":"https:\/\/hantayo.fr\/web\/wp-json\/wp\/v2\/pages\/15\/revisions\/1188"}],"wp:attachment":[{"href":"https:\/\/hantayo.fr\/web\/wp-json\/wp\/v2\/media?parent=15"}],"curies":[{"name":"wp","href":"https:\/\/api.w.org\/{rel}","templated":true}]}}