{"id":19,"date":"2011-08-29T16:20:31","date_gmt":"2011-08-29T15:20:31","guid":{"rendered":"http:\/\/hantayo.fr\/site\/?page_id=19"},"modified":"2024-09-08T16:14:02","modified_gmt":"2024-09-08T14:14:02","slug":"activites","status":"publish","type":"page","link":"https:\/\/hantayo.fr\/web\/presentation\/activites\/","title":{"rendered":"Nos activit\u00e9s"},"content":{"rendered":"<p><img decoding=\"async\" loading=\"lazy\" style=\"border-style: initial; border-color: initial;\" title=\"shim\" src=\"http:\/\/hantayo.fr\/web\/wp-content\/uploads\/2011\/08\/shim.png\" alt=\"shim\" width=\"622\" height=\"18\" \/><\/p>\n<table border=\"0\" cellspacing=\"5\" cellpadding=\"5\">\n<tbody>\n<tr>\n<td align=\"left\" valign=\"middle\"><img decoding=\"async\" loading=\"lazy\" class=\"alignnone size-full wp-image-143\" title=\"Ferme \u00e9questre Hantayo\" src=\"http:\/\/hantayo.fr\/web\/wp-content\/uploads\/2011\/08\/photo-01.jpg\" alt=\"Ferme \u00e9questre Hantayo\" width=\"194\" height=\"252\" srcset=\"https:\/\/hantayo.fr\/web\/wp-content\/uploads\/2011\/08\/photo-01.jpg 384w, https:\/\/hantayo.fr\/web\/wp-content\/uploads\/2011\/08\/photo-01-230x300.jpg 230w\" sizes=\"(max-width: 194px) 100vw, 194px\" \/><\/td>\n<td align=\"left\" valign=\"middle\">\n<h3>Les 4 stations autour du parcours p\u00e9dagogique<\/h3>\n<ul class=\"liste\">\n<li><img decoding=\"async\" loading=\"lazy\" style=\"border-style: initial; border-color: initial;\" title=\"pt-vert\" src=\"http:\/\/hantayo.fr\/web\/wp-content\/uploads\/2011\/08\/pt-vert.gif\" alt=\"pt-vert\" width=\"10\" height=\"10\" \/> La ferme dans son environnement<\/li>\n<li><img decoding=\"async\" loading=\"lazy\" style=\"border-style: initial; border-color: initial;\" title=\"pt-vert\" src=\"http:\/\/hantayo.fr\/web\/wp-content\/uploads\/2011\/08\/pt-vert.gif\" alt=\"pt-vert\" width=\"10\" height=\"10\" \/> La ferme, un espace de travail (pr\u00e9occupation sur l&#8217;environnement)<\/li>\n<li><img decoding=\"async\" loading=\"lazy\" style=\"border-style: initial; border-color: initial;\" title=\"pt-vert\" src=\"http:\/\/hantayo.fr\/web\/wp-content\/uploads\/2011\/08\/pt-vert.gif\" alt=\"pt-vert\" width=\"10\" height=\"10\" \/> D\u00e9couverte de l&#8217;activit\u00e9 d&#8217;\u00e9leveur<\/li>\n<li><img decoding=\"async\" loading=\"lazy\" style=\"border-style: initial; border-color: initial;\" title=\"pt-vert\" src=\"http:\/\/hantayo.fr\/web\/wp-content\/uploads\/2011\/08\/pt-vert.gif\" alt=\"pt-vert\" width=\"10\" height=\"10\" \/> L&#8217;homme et le cheval d&#8217;ici et d&#8217;ailleurs<\/li>\n<\/ul>\n<p>Nous vous invitons \u00e0 d\u00e9couvrir le g\u00eete de la ferme \u00ab\u00a0Monplaisir\u00a0\u00bb o\u00f9 vous pourrez profiter des bienfaits de la campagne et de la nature, dans un lieu calme et reposant.<\/td>\n<\/tr>\n<\/tbody>\n<\/table>\n<h3>Hantayo propose de nombreux services tels que\u00a0:<\/h3>\n<ul>\n<li><img decoding=\"async\" loading=\"lazy\" class=\"alignnone size-full wp-image-117\" title=\"pt-vert\" src=\"http:\/\/hantayo.fr\/web\/wp-content\/uploads\/2011\/08\/pt-vert.gif\" alt=\"pt-vert\" width=\"10\" height=\"10\" \/> Elevage de chevaux de loisir<\/li>\n<li><img decoding=\"async\" loading=\"lazy\" style=\"border-style: initial; border-color: initial;\" title=\"pt-vert\" src=\"http:\/\/hantayo.fr\/web\/wp-content\/uploads\/2011\/08\/pt-vert.gif\" alt=\"pt-vert\" width=\"10\" height=\"10\" \/> Pension de chevaux de loisir<\/li>\n<li><img decoding=\"async\" loading=\"lazy\" style=\"border-style: initial; border-color: initial;\" title=\"pt-vert\" src=\"http:\/\/hantayo.fr\/web\/wp-content\/uploads\/2011\/08\/pt-vert.gif\" alt=\"pt-vert\" width=\"10\" height=\"10\" \/>Promenades et randonn\u00e9es \u00e0 pied et\/ou \u00e0 cheval<\/li>\n<li><img decoding=\"async\" loading=\"lazy\" style=\"border-style: initial; border-color: initial;\" title=\"pt-vert\" src=\"http:\/\/hantayo.fr\/web\/wp-content\/uploads\/2011\/08\/pt-vert.gif\" alt=\"pt-vert\" width=\"10\" height=\"10\" \/>Apprentissage de l&#8217;\u00e9quitation d&#8217;ext\u00e9rieur<\/li>\n<li><img decoding=\"async\" loading=\"lazy\" style=\"border-style: initial; border-color: initial;\" title=\"pt-vert\" src=\"http:\/\/hantayo.fr\/web\/wp-content\/uploads\/2011\/08\/pt-vert.gif\" alt=\"pt-vert\" width=\"10\" height=\"10\" \/> Production de foin et c\u00e9r\u00e9ales<\/li>\n<li><img decoding=\"async\" loading=\"lazy\" style=\"border-style: initial; border-color: initial;\" title=\"pt-vert\" src=\"http:\/\/hantayo.fr\/web\/wp-content\/uploads\/2011\/08\/pt-vert.gif\" alt=\"pt-vert\" width=\"10\" height=\"10\" \/> G\u00eete d&#8217;\u00e9tape pour cavaliers.<\/li>\n<\/ul>\n<h3>Ferme p\u00e9dagogique et agritouristique<\/h3>\n<p>Hantayo\u00a0 est avant tout une ferme p\u00e9dagogique qui permet, par l&#8217;\u00e9levage de chevaux, l&#8217;\u00e9ducation du public et plus particuli\u00e8rement des plus jeunes dans le cadre scolaire et hors scolaire.<\/p>\n<p>Elle permet pour le grand public, la d\u00e9couverte de la ferme dans son environnement et de mieux comprendre les liens entre ville et campagne. Au del\u00e0 de ses racines, le citadin red\u00e9couvre par la culture et l&#8217;\u00e9levage combien il d\u00e9pend de la terre, qui ne produit que si l&#8217;on veille \u00e0 son entretien.<\/p>\n<table border=\"0\" cellspacing=\"5\" cellpadding=\"5\">\n<tbody>\n<tr>\n<td align=\"left\" valign=\"middle\"><img decoding=\"async\" loading=\"lazy\" class=\"alignnone size-medium wp-image-185\" title=\"\u00e9levage de chevaux\" src=\"http:\/\/hantayo.fr\/web\/wp-content\/uploads\/2011\/08\/photo-07-300x229.jpg\" alt=\"\u00e9levage de chevaux\" width=\"270\" height=\"206\" srcset=\"https:\/\/hantayo.fr\/web\/wp-content\/uploads\/2011\/08\/photo-07-300x229.jpg 300w, https:\/\/hantayo.fr\/web\/wp-content\/uploads\/2011\/08\/photo-07.jpg 500w\" sizes=\"(max-width: 270px) 100vw, 270px\" \/><\/td>\n<td align=\"left\" valign=\"middle\">\n<h3>Elevage et chevaux<\/h3>\n<p>Hantayo, situ\u00e9 pr\u00e8s d&#8217;un bois pr\u00e9serv\u00e9 de 100 hectares, vous permet de d\u00e9couvrir un territoire parsem\u00e9 de circuits multiples et r\u00e9pertori\u00e9s en proposant des randonn\u00e9es de 2 ou 3 heures, \u00e0 la journ\u00e9e ou sur plusieurs jours (cf page Randonn\u00e9es).<\/p>\n<p>Sur ses 80 hectares la ferme poss\u00e8de une cavalerie de loisir (56 \u00e9quid\u00e9s) dont 20 chevaux, 18 poneys, 1 \u00e9talon, 6 poulini\u00e8res pour permettre d&#8217;accueillir en plus des jeunes en difficult\u00e9 qui souhaiteraient s&#8217;occuper des chevaux et partager avec eux leur calme et leur tranquillit\u00e9.<\/td>\n<\/tr>\n<\/tbody>\n<\/table>\n<h3>Parcours p\u00e9dagogique<\/h3>\n<p>Hantayo vous invite \u00e0 d\u00e9couvrir un nouveau parcours p\u00e9dagogique de 2,5 km pouvant \u00eatre r\u00e9alis\u00e9 \u00e0 pied, \u00e0 v\u00e9lo ou \u00e0 cheval. Ce parcours comprend des aires de pique-nique et des jeux sur le patrimoine, l&#8217;\u00e9levage et les races de chevaux.<\/p>\n","protected":false},"excerpt":{"rendered":"<p>Les 4 stations autour du parcours p\u00e9dagogique La ferme dans son environnement La ferme, un espace de travail (pr\u00e9occupation sur l&#8217;environnement) D\u00e9couverte de l&#8217;activit\u00e9 d&#8217;\u00e9leveur L&#8217;homme et le cheval d&#8217;ici et d&#8217;ailleurs Nous vous invitons \u00e0 d\u00e9couvrir le g\u00eete de la ferme \u00ab\u00a0Monplaisir\u00a0\u00bb o\u00f9 vous pourrez profiter des bienfaits de la campagne et de la [&hellip;]<\/p>\n","protected":false},"author":3,"featured_media":0,"parent":15,"menu_order":1,"comment_status":"closed","ping_status":"open","template":"","meta":[],"_links":{"self":[{"href":"https:\/\/hantayo.fr\/web\/wp-json\/wp\/v2\/pages\/19"}],"collection":[{"href":"https:\/\/hantayo.fr\/web\/wp-json\/wp\/v2\/pages"}],"about":[{"href":"https:\/\/hantayo.fr\/web\/wp-json\/wp\/v2\/types\/page"}],"author":[{"embeddable":true,"href":"https:\/\/hantayo.fr\/web\/wp-json\/wp\/v2\/users\/3"}],"replies":[{"embeddable":true,"href":"https:\/\/hantayo.fr\/web\/wp-json\/wp\/v2\/comments?post=19"}],"version-history":[{"count":3,"href":"https:\/\/hantayo.fr\/web\/wp-json\/wp\/v2\/pages\/19\/revisions"}],"predecessor-version":[{"id":1186,"href":"https:\/\/hantayo.fr\/web\/wp-json\/wp\/v2\/pages\/19\/revisions\/1186"}],"up":[{"embeddable":true,"href":"https:\/\/hantayo.fr\/web\/wp-json\/wp\/v2\/pages\/15"}],"wp:attachment":[{"href":"https:\/\/hantayo.fr\/web\/wp-json\/wp\/v2\/media?parent=19"}],"curies":[{"name":"wp","href":"https:\/\/api.w.org\/{rel}","templated":true}]}}