{"id":201,"date":"2011-12-10T22:29:49","date_gmt":"2011-12-10T21:29:49","guid":{"rendered":"http:\/\/www.hantayo.fr\/hantayo\/?page_id=201"},"modified":"2018-09-15T00:03:52","modified_gmt":"2018-09-14T22:03:52","slug":"nos-circuits","status":"publish","type":"page","link":"https:\/\/hantayo.fr\/web\/randonnees\/nos-circuits\/","title":{"rendered":"Nos circuits"},"content":{"rendered":"<p><img decoding=\"async\" loading=\"lazy\" style=\"border-style: initial; border-color: initial;\" title=\"shim\" src=\"http:\/\/hantayo.fr\/web\/wp-content\/uploads\/2011\/08\/shim.png\" alt=\"shim\" width=\"622\" height=\"18\" \/><\/p>\n<table border=\"0\" cellspacing=\"5\" cellpadding=\"5\">\n<tbody>\n<tr>\n<td align=\"left\" valign=\"middle\"><img decoding=\"async\" loading=\"lazy\" class=\"alignnone size-medium wp-image-215\" title=\"Les chevaux de Hantayo\" src=\"http:\/\/hantayo.fr\/web\/wp-content\/uploads\/2011\/12\/photo-09-300x228.jpg\" alt=\"Les chevaux de Hantayo\" width=\"300\" height=\"228\" srcset=\"https:\/\/hantayo.fr\/web\/wp-content\/uploads\/2011\/12\/photo-09-300x228.jpg 300w, https:\/\/hantayo.fr\/web\/wp-content\/uploads\/2011\/12\/photo-09.jpg 500w\" sizes=\"(max-width: 300px) 100vw, 300px\" \/><\/td>\n<td align=\"left\" valign=\"middle\">\n<h3><span style=\"font-weight: normal;\">Nos circuits sont organis\u00e9s pour vous proposer des balades de quelques heures \u00e0 plusieurs jours, en fonction de votre niveau et de vos envies. Retrouvez-les en d\u00e9tails tr\u00e8s prochainement sur ces pages.<\/span><\/h3>\n<p><a href=\"https:\/\/hantayo.fr\/web\/nos-tarifs\/\">Nos tarifs<\/a><\/td>\n<\/tr>\n<\/tbody>\n<\/table>\n","protected":false},"excerpt":{"rendered":"<p>Nos circuits sont organis\u00e9s pour vous proposer des balades de quelques heures \u00e0 plusieurs jours, en fonction de votre niveau et de vos envies. Retrouvez-les en d\u00e9tails tr\u00e8s prochainement sur ces pages. Nos tarifs<\/p>\n","protected":false},"author":2,"featured_media":0,"parent":21,"menu_order":4,"comment_status":"open","ping_status":"open","template":"","meta":[],"_links":{"self":[{"href":"https:\/\/hantayo.fr\/web\/wp-json\/wp\/v2\/pages\/201"}],"collection":[{"href":"https:\/\/hantayo.fr\/web\/wp-json\/wp\/v2\/pages"}],"about":[{"href":"https:\/\/hantayo.fr\/web\/wp-json\/wp\/v2\/types\/page"}],"author":[{"embeddable":true,"href":"https:\/\/hantayo.fr\/web\/wp-json\/wp\/v2\/users\/2"}],"replies":[{"embeddable":true,"href":"https:\/\/hantayo.fr\/web\/wp-json\/wp\/v2\/comments?post=201"}],"version-history":[{"count":2,"href":"https:\/\/hantayo.fr\/web\/wp-json\/wp\/v2\/pages\/201\/revisions"}],"predecessor-version":[{"id":953,"href":"https:\/\/hantayo.fr\/web\/wp-json\/wp\/v2\/pages\/201\/revisions\/953"}],"up":[{"embeddable":true,"href":"https:\/\/hantayo.fr\/web\/wp-json\/wp\/v2\/pages\/21"}],"wp:attachment":[{"href":"https:\/\/hantayo.fr\/web\/wp-json\/wp\/v2\/media?parent=201"}],"curies":[{"name":"wp","href":"https:\/\/api.w.org\/{rel}","templated":true}]}}