{"id":21,"date":"2011-08-29T16:21:11","date_gmt":"2011-08-29T14:21:11","guid":{"rendered":"http:\/\/hantayo.fr\/site\/?page_id=21"},"modified":"2022-09-02T21:01:20","modified_gmt":"2022-09-02T19:01:20","slug":"randonnees","status":"publish","type":"page","link":"https:\/\/hantayo.fr\/web\/randonnees\/","title":{"rendered":"Randonn\u00e9es \u00e0 cheval"},"content":{"rendered":"<p><img decoding=\"async\" loading=\"lazy\" class=\"alignnone size-full wp-image-97\" title=\"shim\" src=\"http:\/\/hantayo.fr\/web\/wp-content\/uploads\/2011\/08\/shim.png\" alt=\"shim\" width=\"622\" height=\"18\" srcset=\"https:\/\/hantayo.fr\/web\/wp-content\/uploads\/2011\/08\/shim.png 622w, https:\/\/hantayo.fr\/web\/wp-content\/uploads\/2011\/08\/shim-300x8.png 300w\" sizes=\"(max-width: 622px) 100vw, 622px\" \/><\/p>\n<table border=\"0\" width=\"650\" cellspacing=\"3\" cellpadding=\"3\">\n<tbody>\n<tr>\n<td align=\"left\" valign=\"middle\"><a href=\"https:\/\/hantayo.fr\/web\/wp-content\/uploads\/2022\/09\/286466233_5372871522789272_257810057866380342_n.jpg\"><img decoding=\"async\" loading=\"lazy\" class=\"alignleft size-thumbnail wp-image-1130\" src=\"https:\/\/hantayo.fr\/web\/wp-content\/uploads\/2022\/09\/286466233_5372871522789272_257810057866380342_n-150x150.jpg\" alt=\"\" width=\"150\" height=\"150\" srcset=\"https:\/\/hantayo.fr\/web\/wp-content\/uploads\/2022\/09\/286466233_5372871522789272_257810057866380342_n-150x150.jpg 150w, https:\/\/hantayo.fr\/web\/wp-content\/uploads\/2022\/09\/286466233_5372871522789272_257810057866380342_n-300x300.jpg 300w, https:\/\/hantayo.fr\/web\/wp-content\/uploads\/2022\/09\/286466233_5372871522789272_257810057866380342_n.jpg 600w\" sizes=\"(max-width: 150px) 100vw, 150px\" \/><\/a><img decoding=\"async\" loading=\"lazy\" class=\"alignnone size-medium wp-image-148\" title=\"randonn\u00e9es \u00e0 cheval\" src=\"http:\/\/hantayo.fr\/web\/wp-content\/uploads\/2011\/08\/photo-03-289x300.jpg\" alt=\"randonn\u00e9es \u00e0 cheval\" width=\"289\" height=\"300\" srcset=\"https:\/\/hantayo.fr\/web\/wp-content\/uploads\/2011\/08\/photo-03-289x300.jpg 289w, https:\/\/hantayo.fr\/web\/wp-content\/uploads\/2011\/08\/photo-03.jpg 482w\" sizes=\"(max-width: 289px) 100vw, 289px\" \/><\/td>\n<td align=\"left\" valign=\"middle\">La ferme Hantayo vous accueille toute l&#8217;ann\u00e9e pour profiter des magnifiques paysages de notre r\u00e9gion gr\u00e2ce \u00e0 l&#8217;accompagnement des chevaux. D&#8217;une balade de 2h jusqu&#8217;aux randonn\u00e9es personnalis\u00e9es de plusieurs jours, nous mettons \u00e0 votre disposition notre savoir-faire et notre connaissance du terrain.<\/p>\n<p>Cavaliers confirm\u00e9s ou d\u00e9butants, chaque circuit est adapt\u00e9 \u00e0 vos besoins. Pour plus de renseignements, n&#8217;h\u00e9sitez pas \u00e0 nous contacter.<\/p>\n<p><a href=\"http:\/\/www.hantayo.fr\/hantayo\/contact\/\"><img decoding=\"async\" loading=\"lazy\" class=\"alignnone size-full wp-image-154\" title=\"nous contacter\" src=\"http:\/\/hantayo.fr\/web\/wp-content\/uploads\/2011\/08\/nous-contacter.png\" alt=\"nous contacter\" width=\"258\" height=\"72\" \/><\/a><\/p>\n<p><a href=\"https:\/\/hantayo.fr\/web\/nos-tarifs\/\">Nos tarifs<\/a><\/td>\n<\/tr>\n<\/tbody>\n<\/table>\n","protected":false},"excerpt":{"rendered":"<p>La ferme Hantayo vous accueille toute l&#8217;ann\u00e9e pour profiter des magnifiques paysages de notre r\u00e9gion gr\u00e2ce \u00e0 l&#8217;accompagnement des chevaux. D&#8217;une balade de 2h jusqu&#8217;aux randonn\u00e9es personnalis\u00e9es de plusieurs jours, nous mettons \u00e0 votre disposition notre savoir-faire et notre connaissance du terrain. Cavaliers confirm\u00e9s ou d\u00e9butants, chaque circuit est adapt\u00e9 \u00e0 vos besoins. Pour plus [&hellip;]<\/p>\n","protected":false},"author":3,"featured_media":0,"parent":0,"menu_order":3,"comment_status":"closed","ping_status":"open","template":"","meta":[],"_links":{"self":[{"href":"https:\/\/hantayo.fr\/web\/wp-json\/wp\/v2\/pages\/21"}],"collection":[{"href":"https:\/\/hantayo.fr\/web\/wp-json\/wp\/v2\/pages"}],"about":[{"href":"https:\/\/hantayo.fr\/web\/wp-json\/wp\/v2\/types\/page"}],"author":[{"embeddable":true,"href":"https:\/\/hantayo.fr\/web\/wp-json\/wp\/v2\/users\/3"}],"replies":[{"embeddable":true,"href":"https:\/\/hantayo.fr\/web\/wp-json\/wp\/v2\/comments?post=21"}],"version-history":[{"count":2,"href":"https:\/\/hantayo.fr\/web\/wp-json\/wp\/v2\/pages\/21\/revisions"}],"predecessor-version":[{"id":1135,"href":"https:\/\/hantayo.fr\/web\/wp-json\/wp\/v2\/pages\/21\/revisions\/1135"}],"wp:attachment":[{"href":"https:\/\/hantayo.fr\/web\/wp-json\/wp\/v2\/media?parent=21"}],"curies":[{"name":"wp","href":"https:\/\/api.w.org\/{rel}","templated":true}]}}