{"id":23,"date":"2011-08-29T16:21:38","date_gmt":"2011-08-29T14:21:38","guid":{"rendered":"http:\/\/hantayo.fr\/site\/?page_id=23"},"modified":"2018-09-15T00:16:14","modified_gmt":"2018-09-14T22:16:14","slug":"notre-elevage","status":"publish","type":"page","link":"https:\/\/hantayo.fr\/web\/randonnees\/notre-elevage\/","title":{"rendered":"Balades de 2 h"},"content":{"rendered":"<p><img decoding=\"async\" loading=\"lazy\" class=\"alignnone size-full wp-image-97\" title=\"shim\" src=\"http:\/\/hantayo.fr\/web\/wp-content\/uploads\/2011\/08\/shim.png\" alt=\"shim\" width=\"622\" height=\"18\" srcset=\"https:\/\/hantayo.fr\/web\/wp-content\/uploads\/2011\/08\/shim.png 622w, https:\/\/hantayo.fr\/web\/wp-content\/uploads\/2011\/08\/shim-300x8.png 300w\" sizes=\"(max-width: 622px) 100vw, 622px\" \/><\/p>\n<table border=\"0\" width=\"650\" cellspacing=\"3\" cellpadding=\"3\">\n<tbody>\n<tr>\n<td colspan=\"2\">D\u00e9couvrez nos balades de 2h qui vous m\u00e8neront vers les chemins du pays Occitan. Une bouff\u00e9e d&#8217;air frais et un moment de complicit\u00e9 avec les chevaux.<\/td>\n<\/tr>\n<tr>\n<td width=\"300\"><img decoding=\"async\" loading=\"lazy\" class=\"alignnone size-medium wp-image-159\" title=\"randonn\u00e9es\" src=\"http:\/\/hantayo.fr\/web\/wp-content\/uploads\/2011\/08\/photo-04-300x226.jpg\" alt=\"randonn\u00e9es\" width=\"300\" height=\"226\" srcset=\"https:\/\/hantayo.fr\/web\/wp-content\/uploads\/2011\/08\/photo-04-300x226.jpg 300w, https:\/\/hantayo.fr\/web\/wp-content\/uploads\/2011\/08\/photo-04.jpg 500w\" sizes=\"(max-width: 300px) 100vw, 300px\" \/><\/td>\n<td align=\"left\" valign=\"middle\" width=\"329\"><img decoding=\"async\" loading=\"lazy\" class=\"alignnone size-full wp-image-117\" title=\"pt-vert\" src=\"http:\/\/hantayo.fr\/web\/wp-content\/uploads\/2011\/08\/pt-vert.gif\" alt=\"pt-vert\" width=\"10\" height=\"10\" \/> Balade au lac et \u00e9glise de Ste Eulalie<br \/>\n<img decoding=\"async\" loading=\"lazy\" style=\"border-style: initial; border-color: initial;\" title=\"pt-vert\" src=\"http:\/\/hantayo.fr\/web\/wp-content\/uploads\/2011\/08\/pt-vert.gif\" alt=\"pt-vert\" width=\"10\" height=\"10\" \/> Cauzac, son ch\u00e2teau et son moulin<br \/>\n<img decoding=\"async\" loading=\"lazy\" style=\"border-style: initial; border-color: initial;\" title=\"pt-vert\" src=\"http:\/\/hantayo.fr\/web\/wp-content\/uploads\/2011\/08\/pt-vert.gif\" alt=\"pt-vert\" width=\"10\" height=\"10\" \/> La Sauvetat de Sav\u00e8re<br \/>\n<img decoding=\"async\" loading=\"lazy\" style=\"border-style: initial; border-color: initial;\" title=\"pt-vert\" src=\"http:\/\/hantayo.fr\/web\/wp-content\/uploads\/2011\/08\/pt-vert.gif\" alt=\"pt-vert\" width=\"10\" height=\"10\" \/> Sauvagnas (plusieurs variantes sur Sauvagnas)<br \/>\n<img decoding=\"async\" loading=\"lazy\" style=\"border-style: initial; border-color: initial;\" title=\"pt-vert\" src=\"http:\/\/hantayo.fr\/web\/wp-content\/uploads\/2011\/08\/pt-vert.gif\" alt=\"pt-vert\" width=\"10\" height=\"10\" \/> Vers le petit bourg fleuri de Dondas<br \/>\n<img decoding=\"async\" loading=\"lazy\" style=\"border-style: initial; border-color: initial;\" title=\"pt-vert\" src=\"http:\/\/hantayo.fr\/web\/wp-content\/uploads\/2011\/08\/pt-vert.gif\" alt=\"pt-vert\" width=\"10\" height=\"10\" \/> Le lac de Bajamont<br \/>\n<img decoding=\"async\" loading=\"lazy\" style=\"border-style: initial; border-color: initial;\" title=\"pt-vert\" src=\"http:\/\/hantayo.fr\/web\/wp-content\/uploads\/2011\/08\/pt-vert.gif\" alt=\"pt-vert\" width=\"10\" height=\"10\" \/> St Caprais de Lerm<br \/>\n<img decoding=\"async\" loading=\"lazy\" style=\"border-style: initial; border-color: initial;\" title=\"pt-vert\" src=\"http:\/\/hantayo.fr\/web\/wp-content\/uploads\/2011\/08\/pt-vert.gif\" alt=\"pt-vert\" width=\"10\" height=\"10\" \/> Lac de la Brichette (St Caprais)<br \/>\n<img decoding=\"async\" loading=\"lazy\" style=\"border-style: initial; border-color: initial;\" title=\"pt-vert\" src=\"http:\/\/hantayo.fr\/web\/wp-content\/uploads\/2011\/08\/pt-vert.gif\" alt=\"pt-vert\" width=\"10\" height=\"10\" \/> Malbes (ST Caprais)<br \/>\n<img decoding=\"async\" loading=\"lazy\" style=\"border-style: initial; border-color: initial;\" title=\"pt-vert\" src=\"http:\/\/hantayo.fr\/web\/wp-content\/uploads\/2011\/08\/pt-vert.gif\" alt=\"pt-vert\" width=\"10\" height=\"10\" \/> Chapelle Saint-Germain (Laroque-Tinbaut)<\/td>\n<\/tr>\n<tr>\n<td colspan=\"2\"><a href=\"http:\/\/www.hantayo.fr\/hantayo\/contact\/\"><img decoding=\"async\" loading=\"lazy\" class=\"alignnone size-medium wp-image-156\" title=\"Pour en savoir plus, contactez-nous\" src=\"http:\/\/hantayo.fr\/web\/wp-content\/uploads\/2011\/08\/en-avoir-plus-300x71.png\" alt=\"Pour en savoir plus, contactez-nous\" width=\"300\" height=\"71\" srcset=\"https:\/\/hantayo.fr\/web\/wp-content\/uploads\/2011\/08\/en-avoir-plus-300x71.png 300w, https:\/\/hantayo.fr\/web\/wp-content\/uploads\/2011\/08\/en-avoir-plus.png 332w\" sizes=\"(max-width: 300px) 100vw, 300px\" \/><\/a><\/p>\n<p><a href=\"https:\/\/hantayo.fr\/web\/nos-tarifs\/\">Nos tarifs<\/a><\/td>\n<\/tr>\n<\/tbody>\n<\/table>\n","protected":false},"excerpt":{"rendered":"<p>D\u00e9couvrez nos balades de 2h qui vous m\u00e8neront vers les chemins du pays Occitan. Une bouff\u00e9e d&#8217;air frais et un moment de complicit\u00e9 avec les chevaux. Balade au lac et \u00e9glise de Ste Eulalie Cauzac, son ch\u00e2teau et son moulin La Sauvetat de Sav\u00e8re Sauvagnas (plusieurs variantes sur Sauvagnas) Vers le petit bourg fleuri de [&hellip;]<\/p>\n","protected":false},"author":3,"featured_media":0,"parent":21,"menu_order":1,"comment_status":"closed","ping_status":"closed","template":"","meta":[],"_links":{"self":[{"href":"https:\/\/hantayo.fr\/web\/wp-json\/wp\/v2\/pages\/23"}],"collection":[{"href":"https:\/\/hantayo.fr\/web\/wp-json\/wp\/v2\/pages"}],"about":[{"href":"https:\/\/hantayo.fr\/web\/wp-json\/wp\/v2\/types\/page"}],"author":[{"embeddable":true,"href":"https:\/\/hantayo.fr\/web\/wp-json\/wp\/v2\/users\/3"}],"replies":[{"embeddable":true,"href":"https:\/\/hantayo.fr\/web\/wp-json\/wp\/v2\/comments?post=23"}],"version-history":[{"count":1,"href":"https:\/\/hantayo.fr\/web\/wp-json\/wp\/v2\/pages\/23\/revisions"}],"predecessor-version":[{"id":959,"href":"https:\/\/hantayo.fr\/web\/wp-json\/wp\/v2\/pages\/23\/revisions\/959"}],"up":[{"embeddable":true,"href":"https:\/\/hantayo.fr\/web\/wp-json\/wp\/v2\/pages\/21"}],"wp:attachment":[{"href":"https:\/\/hantayo.fr\/web\/wp-json\/wp\/v2\/media?parent=23"}],"curies":[{"name":"wp","href":"https:\/\/api.w.org\/{rel}","templated":true}]}}