{"id":25,"date":"2011-08-29T16:22:32","date_gmt":"2011-08-29T15:22:32","guid":{"rendered":"http:\/\/hantayo.fr\/site\/?page_id=25"},"modified":"2018-09-15T00:13:24","modified_gmt":"2018-09-14T22:13:24","slug":"longues-balades","status":"publish","type":"page","link":"https:\/\/hantayo.fr\/web\/randonnees\/longues-balades\/","title":{"rendered":"Balades \u00e9questres longue dur\u00e9e"},"content":{"rendered":"<p><img decoding=\"async\" loading=\"lazy\" class=\"alignnone size-full wp-image-97\" title=\"shim\" src=\"http:\/\/hantayo.fr\/web\/wp-content\/uploads\/2011\/08\/shim.png\" alt=\"shim\" width=\"622\" height=\"18\" srcset=\"https:\/\/hantayo.fr\/web\/wp-content\/uploads\/2011\/08\/shim.png 622w, https:\/\/hantayo.fr\/web\/wp-content\/uploads\/2011\/08\/shim-300x8.png 300w\" sizes=\"(max-width: 622px) 100vw, 622px\" \/><\/p>\n<p>Profitez d&#8217;une fabuleuse exp\u00e9rience au c\u0153ur du pays occitan\u00a0!<\/p>\n<table border=\"0\" width=\"650\" cellspacing=\"3\" cellpadding=\"3\">\n<tbody>\n<tr>\n<td align=\"left\" valign=\"top\" width=\"301\">\n<h3 style=\"line-height: normal;\">Randonn\u00e9es \u00e0 la journ\u00e9e<\/h3>\n<p><img decoding=\"async\" loading=\"lazy\" style=\"border-style: initial; border-color: initial;\" title=\"pt-vert\" src=\"http:\/\/hantayo.fr\/web\/wp-content\/uploads\/2011\/08\/pt-vert.gif\" alt=\"pt-vert\" width=\"10\" height=\"10\" \/> Puymirol<br \/>\n<img decoding=\"async\" loading=\"lazy\" style=\"border-style: initial; border-color: initial;\" title=\"pt-vert\" src=\"http:\/\/hantayo.fr\/web\/wp-content\/uploads\/2011\/08\/pt-vert.gif\" alt=\"pt-vert\" width=\"10\" height=\"10\" \/> Le Menhir de Tayrac<br \/>\n<img decoding=\"async\" loading=\"lazy\" style=\"border-style: initial; border-color: initial;\" title=\"pt-vert\" src=\"http:\/\/hantayo.fr\/web\/wp-content\/uploads\/2011\/08\/pt-vert.gif\" alt=\"pt-vert\" width=\"10\" height=\"10\" \/> Beauville<br \/>\n<img decoding=\"async\" loading=\"lazy\" style=\"border-style: initial; border-color: initial;\" title=\"pt-vert\" src=\"http:\/\/hantayo.fr\/web\/wp-content\/uploads\/2011\/08\/pt-vert.gif\" alt=\"pt-vert\" width=\"10\" height=\"10\" \/> Frespech (le mus\u00e9e du foie gras)<br \/>\n<img decoding=\"async\" loading=\"lazy\" style=\"border-style: initial; border-color: initial;\" title=\"pt-vert\" src=\"http:\/\/hantayo.fr\/web\/wp-content\/uploads\/2011\/08\/pt-vert.gif\" alt=\"pt-vert\" width=\"10\" height=\"10\" \/> Les Huguets (Pujols)<br \/>\n<img decoding=\"async\" loading=\"lazy\" style=\"border-style: initial; border-color: initial;\" title=\"pt-vert\" src=\"http:\/\/hantayo.fr\/web\/wp-content\/uploads\/2011\/08\/pt-vert.gif\" alt=\"pt-vert\" width=\"10\" height=\"10\" \/> Castelnoubel (le ch\u00e2teau) via Pont du Casse<\/td>\n<td align=\"left\" valign=\"top\" width=\"328\">\n<h3>Randonn\u00e9es de 2 jours<\/h3>\n<p><img decoding=\"async\" loading=\"lazy\" class=\"alignnone size-full wp-image-117\" title=\"pt-vert\" src=\"http:\/\/hantayo.fr\/web\/wp-content\/uploads\/2011\/08\/pt-vert.gif\" alt=\"pt-vert\" width=\"10\" height=\"10\" \/> Lacour de Visa (ferme de Lauzinie) (Tarn et garonne)<br \/>\n<img decoding=\"async\" loading=\"lazy\" class=\"alignnone size-full wp-image-117\" title=\"pt-vert\" src=\"http:\/\/hantayo.fr\/web\/wp-content\/uploads\/2011\/08\/pt-vert.gif\" alt=\"pt-vert\" width=\"10\" height=\"10\" \/> La ferme du B\u00e9qui (Penne d&#8217;Agenais)<br \/>\n<img decoding=\"async\" loading=\"lazy\" class=\"alignnone size-full wp-image-117\" title=\"pt-vert\" src=\"http:\/\/hantayo.fr\/web\/wp-content\/uploads\/2011\/08\/pt-vert.gif\" alt=\"pt-vert\" width=\"10\" height=\"10\" \/> Les Huguets (Pujols)<br \/>\n<img decoding=\"async\" loading=\"lazy\" class=\"alignnone size-full wp-image-117\" title=\"pt-vert\" src=\"http:\/\/hantayo.fr\/web\/wp-content\/uploads\/2011\/08\/pt-vert.gif\" alt=\"pt-vert\" width=\"10\" height=\"10\" \/> Saint Maurin<br \/>\n<img decoding=\"async\" loading=\"lazy\" class=\"alignnone size-full wp-image-117\" title=\"pt-vert\" src=\"http:\/\/hantayo.fr\/web\/wp-content\/uploads\/2011\/08\/pt-vert.gif\" alt=\"pt-vert\" width=\"10\" height=\"10\" \/> Montaigu du Quercy (Tarn et garonne)<br \/>\n<img decoding=\"async\" loading=\"lazy\" class=\"alignnone size-full wp-image-117\" title=\"pt-vert\" src=\"http:\/\/hantayo.fr\/web\/wp-content\/uploads\/2011\/08\/pt-vert.gif\" alt=\"pt-vert\" width=\"10\" height=\"10\" \/> Roquecor (Tarn et Garonne)<br \/>\n<img decoding=\"async\" loading=\"lazy\" class=\"alignnone size-full wp-image-117\" title=\"pt-vert\" src=\"http:\/\/hantayo.fr\/web\/wp-content\/uploads\/2011\/08\/pt-vert.gif\" alt=\"pt-vert\" width=\"10\" height=\"10\" \/> Prayssas<\/td>\n<\/tr>\n<tr>\n<td align=\"left\" valign=\"top\">\n<h3>Randonn\u00e9es de 3 jours<\/h3>\n<p><img decoding=\"async\" loading=\"lazy\" class=\"alignnone size-full wp-image-117\" title=\"pt-vert\" src=\"http:\/\/hantayo.fr\/web\/wp-content\/uploads\/2011\/08\/pt-vert.gif\" alt=\"pt-vert\" width=\"10\" height=\"10\" \/> S\u00e9rignac (Lot) (Indian valley, Parovent)<br \/>\n<img decoding=\"async\" loading=\"lazy\" class=\"alignnone size-full wp-image-117\" title=\"pt-vert\" src=\"http:\/\/hantayo.fr\/web\/wp-content\/uploads\/2011\/08\/pt-vert.gif\" alt=\"pt-vert\" width=\"10\" height=\"10\" \/> Lacapelle Cabanac (Lot) (la ferme du Cheval Blanc)<\/td>\n<td align=\"left\" valign=\"top\">\n<h3>Randonn\u00e9es de 4 jours<\/h3>\n<p>Pendant plus de 3 jours, partez \u00e0 la d\u00e9couverte du Lot (r\u00e9gion de Lunel), accompagn\u00e9 de l&#8217;\u00e9quipe d&#8217;Hantayo.<\/td>\n<\/tr>\n<\/tbody>\n<\/table>\n<table border=\"0\" width=\"650\" cellspacing=\"3\" cellpadding=\"3\">\n<tbody>\n<tr>\n<td align=\"left\" valign=\"middle\"><a href=\"http:\/\/www.hantayo.fr\/hantayo\/contact\/\"><img decoding=\"async\" loading=\"lazy\" style=\"border-style: initial; border-color: initial;\" title=\"Pour en savoir plus, contactez-nous\" src=\"http:\/\/hantayo.fr\/web\/wp-content\/uploads\/2011\/08\/en-avoir-plus-300x71.png\" alt=\"Pour en savoir plus, contactez-nous\" width=\"300\" height=\"71\" \/><\/a><\/p>\n<p><a href=\"https:\/\/hantayo.fr\/web\/nos-tarifs\/\">Nos tarifs<\/a><\/td>\n<td align=\"center\" valign=\"middle\"><img decoding=\"async\" loading=\"lazy\" style=\"border-style: initial; border-color: initial; font-size: 11px; line-height: normal; text-align: -webkit-left;\" title=\"balades \u00e0 cheval\" src=\"http:\/\/hantayo.fr\/web\/wp-content\/uploads\/2011\/08\/photo-05-300x214.jpg\" alt=\"balades \u00e0 cheval\" width=\"300\" height=\"214\" \/><\/td>\n<\/tr>\n<\/tbody>\n<\/table>\n","protected":false},"excerpt":{"rendered":"<p>Profitez d&#8217;une fabuleuse exp\u00e9rience au c\u0153ur du pays occitan\u00a0! Randonn\u00e9es \u00e0 la journ\u00e9e Puymirol Le Menhir de Tayrac Beauville Frespech (le mus\u00e9e du foie gras) Les Huguets (Pujols) Castelnoubel (le ch\u00e2teau) via Pont du Casse Randonn\u00e9es de 2 jours Lacour de Visa (ferme de Lauzinie) (Tarn et garonne) La ferme du B\u00e9qui (Penne d&#8217;Agenais) Les [&hellip;]<\/p>\n","protected":false},"author":3,"featured_media":0,"parent":21,"menu_order":2,"comment_status":"closed","ping_status":"open","template":"","meta":[],"_links":{"self":[{"href":"https:\/\/hantayo.fr\/web\/wp-json\/wp\/v2\/pages\/25"}],"collection":[{"href":"https:\/\/hantayo.fr\/web\/wp-json\/wp\/v2\/pages"}],"about":[{"href":"https:\/\/hantayo.fr\/web\/wp-json\/wp\/v2\/types\/page"}],"author":[{"embeddable":true,"href":"https:\/\/hantayo.fr\/web\/wp-json\/wp\/v2\/users\/3"}],"replies":[{"embeddable":true,"href":"https:\/\/hantayo.fr\/web\/wp-json\/wp\/v2\/comments?post=25"}],"version-history":[{"count":1,"href":"https:\/\/hantayo.fr\/web\/wp-json\/wp\/v2\/pages\/25\/revisions"}],"predecessor-version":[{"id":957,"href":"https:\/\/hantayo.fr\/web\/wp-json\/wp\/v2\/pages\/25\/revisions\/957"}],"up":[{"embeddable":true,"href":"https:\/\/hantayo.fr\/web\/wp-json\/wp\/v2\/pages\/21"}],"wp:attachment":[{"href":"https:\/\/hantayo.fr\/web\/wp-json\/wp\/v2\/media?parent=25"}],"curies":[{"name":"wp","href":"https:\/\/api.w.org\/{rel}","templated":true}]}}