{"id":31,"date":"2011-08-29T16:25:09","date_gmt":"2011-08-29T15:25:09","guid":{"rendered":"http:\/\/hantayo.fr\/site\/?page_id=31"},"modified":"2018-09-15T00:21:05","modified_gmt":"2018-09-14T22:21:05","slug":"bien-etre","status":"publish","type":"page","link":"https:\/\/hantayo.fr\/web\/presentation\/bien-etre\/","title":{"rendered":"Association Cankuna"},"content":{"rendered":"<p><img decoding=\"async\" loading=\"lazy\" style=\"border-style: initial; border-color: initial;\" title=\"shim\" src=\"http:\/\/hantayo.fr\/web\/wp-content\/uploads\/2011\/08\/shim.png\" alt=\"shim\" width=\"622\" height=\"18\" \/><\/p>\n<table border=\"0\" cellspacing=\"5\" cellpadding=\"5\">\n<tbody>\n<tr>\n<td colspan=\"2\" align=\"left\" valign=\"middle\">\n<h3>Qu&#8217;est ce que le bien-\u00eatre par les chevaux ?<\/h3>\n<p>Beaucoup de personnes sont en difficult\u00e9 de vie, soit de par leur parcours, leur naissance ou leur exp\u00e9rience, et chacune d&#8217;entre elles souhaitent retrouver un \u00e9tat paisible et confiant. Gr\u00e2ce aux chevaux, parfaits accompagnateurs de vie et de jeux, les enfants et adolescents en difficult\u00e9s tissent des liens au fur et \u00e0 mesure de leur venue, pour \u00eatre au fil des jours plus ouverts et plus attentifs \u00e0 leur environnement. Ils les brossent, les prom\u00e8nent, leur donnent \u00e0 manger, tout en profitant de rencontres magiques lors d&#8217;interactions en mouvement.<\/td>\n<\/tr>\n<tr>\n<td align=\"left\" valign=\"middle\"><img decoding=\"async\" loading=\"lazy\" class=\"alignnone size-medium wp-image-209\" title=\"chevaux et bien-\u00eatre\" src=\"http:\/\/hantayo.fr\/web\/wp-content\/uploads\/2011\/08\/photo-08-300x225.jpg\" alt=\"chevaux et bien-\u00eatre\" width=\"300\" height=\"225\" srcset=\"https:\/\/hantayo.fr\/web\/wp-content\/uploads\/2011\/08\/photo-08-300x225.jpg 300w, https:\/\/hantayo.fr\/web\/wp-content\/uploads\/2011\/08\/photo-08.jpg 500w\" sizes=\"(max-width: 300px) 100vw, 300px\" \/><\/td>\n<td align=\"left\" valign=\"middle\">\n<h3>Des professionnels \u00e0 leur \u00e9coute<\/h3>\n<p>Propri\u00e9taires de la ferme et \u00e9ducateurs dipl\u00f4m\u00e9s Sylvie Recoussine et Eric Bethouli\u00e8res\u00a0 accompagnent les enfants et adolescents dans leur cheminement vers une plus grand confiance en eux et aux autres.<\/p>\n<p>Apr\u00e8s 20 ans d&#8217;exp\u00e9rience dans le domaine m\u00e9dico-social et dans l&#8217;encadrement de personnes en difficult\u00e9, Eric\u00a0 est un professionnel habilit\u00e9 \u00e0 accompagner des actions avec le cheval aupr\u00e8s de toute personne en situation d&#8217;handicap ou de souffrance passag\u00e8re ou durable.<\/td>\n<\/tr>\n<tr>\n<td colspan=\"2\" align=\"left\" valign=\"middle\"><span style=\"font-weight: normal;\">Sylvie a, quant \u00e0 elle, forg\u00e9 son exp\u00e9rience dans l&#8217;enseignement et l&#8217;accompagnement des jeunes. Elle propose des soins par les chevaux aux enfants et adolescents en difficult\u00e9.<\/span><\/p>\n<h3>A qui est-ce adress\u00e9 ?<\/h3>\n<p>Nous accueuillons les particuliers avec grand plaisir pour partager un moment de connivence avec les chevaux et repartir apais\u00e9 gr\u00e2ce \u00e0 leur contact bienveillant.<\/p>\n<p>Hantayo souhaite proposer aux jeunes en difficult\u00e9 des visites dans la ferme pour \u00eatre au contact des chevaux. Par le biais de s\u00e9ances individuelles ou group\u00e9es, chacun pourra prendre soin des chevaux et cr\u00e9er ainsi un lien fort avec l&#8217;animal.<\/p>\n<p>Si vous \u00eates un <strong>professionnel ou une institution sp\u00e9cialis\u00e9e<\/strong>, nous vous recevons pour une s\u00e9ance avec les chevaux en groupe o\u00f9 le partage et le respect seront mis \u00e0 l&#8217;honneur.<\/td>\n<\/tr>\n<\/tbody>\n<\/table>\n","protected":false},"excerpt":{"rendered":"<p>Qu&#8217;est ce que le bien-\u00eatre par les chevaux ? Beaucoup de personnes sont en difficult\u00e9 de vie, soit de par leur parcours, leur naissance ou leur exp\u00e9rience, et chacune d&#8217;entre elles souhaitent retrouver un \u00e9tat paisible et confiant. Gr\u00e2ce aux chevaux, parfaits accompagnateurs de vie et de jeux, les enfants et adolescents en difficult\u00e9s tissent [&hellip;]<\/p>\n","protected":false},"author":3,"featured_media":0,"parent":15,"menu_order":2,"comment_status":"closed","ping_status":"closed","template":"","meta":[],"_links":{"self":[{"href":"https:\/\/hantayo.fr\/web\/wp-json\/wp\/v2\/pages\/31"}],"collection":[{"href":"https:\/\/hantayo.fr\/web\/wp-json\/wp\/v2\/pages"}],"about":[{"href":"https:\/\/hantayo.fr\/web\/wp-json\/wp\/v2\/types\/page"}],"author":[{"embeddable":true,"href":"https:\/\/hantayo.fr\/web\/wp-json\/wp\/v2\/users\/3"}],"replies":[{"embeddable":true,"href":"https:\/\/hantayo.fr\/web\/wp-json\/wp\/v2\/comments?post=31"}],"version-history":[{"count":2,"href":"https:\/\/hantayo.fr\/web\/wp-json\/wp\/v2\/pages\/31\/revisions"}],"predecessor-version":[{"id":963,"href":"https:\/\/hantayo.fr\/web\/wp-json\/wp\/v2\/pages\/31\/revisions\/963"}],"up":[{"embeddable":true,"href":"https:\/\/hantayo.fr\/web\/wp-json\/wp\/v2\/pages\/15"}],"wp:attachment":[{"href":"https:\/\/hantayo.fr\/web\/wp-json\/wp\/v2\/media?parent=31"}],"curies":[{"name":"wp","href":"https:\/\/api.w.org\/{rel}","templated":true}]}}