{"id":37,"date":"2011-08-29T16:26:46","date_gmt":"2011-08-29T14:26:46","guid":{"rendered":"http:\/\/hantayo.fr\/site\/?page_id=37"},"modified":"2016-02-17T22:44:29","modified_gmt":"2016-02-17T21:44:29","slug":"nos-partenaires","status":"publish","type":"page","link":"https:\/\/hantayo.fr\/web\/nos-partenaires\/","title":{"rendered":"Nos partenaires"},"content":{"rendered":"<div id=\"pl-37\"  class=\"panel-layout\" ><div id=\"pg-37-0\"  class=\"panel-grid panel-no-style\" ><div id=\"pgc-37-0-0\"  class=\"panel-grid-cell\" ><div id=\"panel-37-0-0-0\" class=\"so-panel widget widget_sow-editor panel-first-child panel-last-child\" data-index=\"0\" ><div class=\"so-widget-sow-editor so-widget-sow-editor-base\">\n<div class=\"siteorigin-widget-tinymce textwidget\">\n\t<p><img decoding=\"async\" loading=\"lazy\" class=\"aligncenter wp-image-800 \" src=\"http:\/\/hantayo.fr\/web\/wp-content\/uploads\/2011\/08\/panneau_club_ffe.jpg\" alt=\"panneau_club_ffe\" width=\"221\" height=\"182\" \/><img decoding=\"async\" loading=\"lazy\" class=\"aligncenter wp-image-799 size-full\" src=\"http:\/\/hantayo.fr\/web\/wp-content\/uploads\/2011\/08\/logo-cheval-etape.jpg\" alt=\"logo cheval etape\" width=\"236\" height=\"214\" \/><\/p>\n<p><img decoding=\"async\" loading=\"lazy\" class=\" wp-image-804 aligncenter\" src=\"http:\/\/hantayo.fr\/web\/wp-content\/uploads\/2011\/08\/logo-accueil-paysan.png\" alt=\"logo-accueil-paysan\" width=\"220\" height=\"57\" \/><img decoding=\"async\" loading=\"lazy\" class=\"aligncenter size-medium wp-image-817\" src=\"http:\/\/hantayo.fr\/web\/wp-content\/uploads\/2016\/02\/label_tourisme_equestre-200x300.png\" alt=\"label_tourisme_equestre\" width=\"200\" height=\"300\" srcset=\"https:\/\/hantayo.fr\/web\/wp-content\/uploads\/2016\/02\/label_tourisme_equestre-200x300.png 200w, https:\/\/hantayo.fr\/web\/wp-content\/uploads\/2016\/02\/label_tourisme_equestre.png 300w\" sizes=\"(max-width: 200px) 100vw, 200px\" \/><br \/>\u00a0<img decoding=\"async\" loading=\"lazy\" class=\"aligncenter wp-image-802 \" src=\"http:\/\/hantayo.fr\/web\/wp-content\/uploads\/2011\/08\/rubon1-300x212.gif\" alt=\"rubon1\" width=\"211\" height=\"149\" srcset=\"https:\/\/hantayo.fr\/web\/wp-content\/uploads\/2011\/08\/rubon1-300x212.gif 300w, https:\/\/hantayo.fr\/web\/wp-content\/uploads\/2011\/08\/rubon1-768x543.gif 768w, https:\/\/hantayo.fr\/web\/wp-content\/uploads\/2011\/08\/rubon1-1024x724.gif 1024w\" sizes=\"(max-width: 211px) 100vw, 211px\" \/><img decoding=\"async\" loading=\"lazy\" class=\"aligncenter wp-image-801 \" src=\"http:\/\/hantayo.fr\/web\/wp-content\/uploads\/2011\/08\/arton495-9c6c1.jpg\" alt=\"arton495-9c6c1\" width=\"153\" height=\"153\" \/><\/p>\n<\/div>\n<\/div><\/div><\/div><div id=\"pgc-37-0-1\"  class=\"panel-grid-cell\" ><div id=\"panel-37-0-1-0\" class=\"so-panel widget widget_sow-editor panel-first-child panel-last-child\" data-index=\"1\" ><div class=\"so-widget-sow-editor so-widget-sow-editor-base\">\n<div class=\"siteorigin-widget-tinymce textwidget\">\n\t<h2>Organismes :<\/h2>\n<ul>\n<li><a title=\"F\u00e9d\u00e9ration Fran\u00e7aise d'Equitation\" href=\"http:\/\/http\/\/www.ffe.com\/\" target=\"_blank\">FFE<\/a>\u00a0F\u00e9d\u00e9ration Fran\u00e7aise d\u2019\u00c9quitation<\/li>\n<li><a href=\"http:\/\/www.accueil-paysan.com\/\" target=\"_blank\">ACCUEIL PAYSAN<\/a><\/li>\n<li><a href=\"http:\/\/www.communes.com\/aquitaine\/lot-et-garonne\/saint-robert_47340\/\" target=\"_blank\">Mairie de SAINT ROBERT<\/a><\/li>\n<li><a href=\"http:\/\/www.mairie-laroque-timbaut.fr\/\" target=\"_blank\">Mairie de LAROQUE TIMBAUT<\/a><\/li>\n<li><a href=\"http:\/\/membres.multimania.fr\/cdte47\/maison-cdte1.htm\" target=\"_blank\">CDTE 47<\/a>\u00a0-\u00a0<em>Comit\u00e9 D\u00e9partemental de Tourisme \u00c9questre<\/em><\/li>\n<li><a href=\"http:\/\/www.ghn.com.fr\/\" target=\"_blank\">GHN<\/a>\u00a0Groupement Hippique National<\/li>\n<li><a href=\"http:\/\/www.grand-villeneuvois.fr\/\" target=\"_blank\">Communaut\u00e9 d'Agglom\u00e9ration du grand Villeneuvois<\/a><\/li>\n<li><a href=\"http:\/\/www.vallee-lot-47.eu\/\" target=\"_blank\">Syndicat Mixte pour l'Am\u00e9nagement de la vall\u00e9e du Lot 47<\/a><\/li>\n<\/ul>\n<p>&nbsp;<br \/>\n&nbsp;<\/p>\n<h2>Equith\u00e9rapie :<\/h2>\n<ul>\n<li><a href=\"http:\/\/www.algeei.org\/projet-39-ITEP+DES+DEUX++RIVIERES.html\" target=\"_blank\">ITEP des Deux Rivi\u00e8res<\/a>\u00a0\u00e0 Pont du Casse<\/li>\n<li><a href=\"http:\/\/equus-gestaltung.over-blog.com\/\" target=\"_blank\">Equus Gestaltung<\/a>\u00a0\u00e0 Lias d'Armagnac (32)<\/li>\n<\/ul>\n<p>&nbsp;<br \/>\n&nbsp;<\/p>\n<h2>Associations de cavaliers \/ Clubs et fermes \u00e9questres :<\/h2>\n<ul>\n<li>EQUI-PAGE\u00a0-\u00a0<em>Association pour la promotion des \u00e9quid\u00e9s \u00e0 travers les \u00e2ges<\/em><\/li>\n<li>EPONA\u00a0-\u00a0<em>Association de cavaliers randonneurs<\/em><\/li>\n<li><a href=\"http:\/\/cavaliersaubiac.blogspot.fr\/\" target=\"_blank\">ACRB Gree 47<\/a>\u00a0-\u00a0<em>Association de cavaliers d'Aubiac<\/em><\/li>\n<li>SHR C\u00f4teaux de Serres\u00a0-\u00a0<em>Association de cavaliers de St-Urcisse et de Sistel)<\/em><\/li>\n<li><a href=\"http:\/\/www.les-abrons.com\/\" target=\"_blank\">Ferme \u00e9questre des Abrons<\/a>\u00a0\u00e0 Pailloles<\/li>\n<li><a href=\"http:\/\/www.ecuries-de-saint-damien.ffe.com\/\" target=\"_blank\">Ecuries de ST Damien<\/a><\/li>\n<li><a href=\"http:\/\/www.criniereauvent.com\/\" target=\"_blank\">Crini\u00e8res au vent<\/a>\u00a0\u00e0\u00a0Monbalen<\/li>\n<li><a href=\"http:\/\/haras-de-garem.weebly.com\/\" target=\"_blank\">Haras de Garem<\/a>\u00a0\u00e0 Montaigu du Quercy<\/li>\n<li><a href=\"http:\/\/equitationservice47.com\/\" target=\"_blank\">Equitation Service 47<\/a>\u00a0\u00e0 St Caprais de Lerm<\/li>\n<\/ul>\n<p>&nbsp;<br \/>\n&nbsp;<\/p>\n<h2>H\u00e9bergements :<\/h2>\n<ul>\n<li>Ranch Parovent \u00e0 S\u00e9rignac (46)<\/li>\n<li><a href=\"http:\/\/www.domainedelauzinie.com\/spip.php?rubrique1\" target=\"_blank\">Ferme \u00e9questre de Lauzinie<\/a>\u00a0\u00e0 Lacour de Visa (82)<\/li>\n<li><a href=\"http:\/\/www.leshuguets.com\/index_fr.php\" target=\"_blank\">Chambre d'h\u00f4tes Les Huguets<\/a>\u00a0\u00e0 Pujols<\/li>\n<li><a href=\"http:\/\/www.lafermedubequi.com\/accueil.php\" target=\"_blank\">Ferme du B\u00e9qui<\/a>\u00a0\u00e0 Penne d'Agenais<\/li>\n<\/ul>\n<p>&nbsp;<br \/>\n&nbsp;<\/p>\n<h2>Entreprises agricoles :<\/h2>\n<ul>\n<li>EARL MAJO \u00e0 Castelculier<\/li>\n<li>Sylvie et Gilles CLAVEL \u00e0 La Sauvetat de Sav\u00e8re<\/li>\n<\/ul>\n<p>&nbsp;<br \/>\n&nbsp;<\/p>\n<h2>Mat\u00e9riel d'\u00e9quitation :<\/h2>\n<ul>\n<li>Equi'poney \u00e0 Montaigu du Quercy (82)<\/li>\n<li><a href=\"http:\/\/www.le-site-de.com\/la-cravache-d-or-agen_136784.html\" target=\"_blank\">Sellerie La Cravache d'or<\/a>\u00a0\u00e0 Agen<\/li>\n<li><a href=\"http:\/\/www.booka-equitation.com\/\" target=\"_blank\">Sellerie Bookari<\/a>\u00a0\u00e0 Agen<\/li>\n<li><a href=\"http:\/\/www.selle-equipement-cheval.fr\/\" target=\"_blank\">Sellier G\u00e9rald Minier<\/a>\u00a0\u00e0 Beaumont de Lomagne (82)<\/li>\n<\/ul>\n<\/div>\n<\/div><\/div><\/div><\/div><\/div>","protected":false},"excerpt":{"rendered":"<p>\u00a0 Organismes : FFE\u00a0F\u00e9d\u00e9ration Fran\u00e7aise d\u2019\u00c9quitation ACCUEIL PAYSAN Mairie de SAINT ROBERT Mairie de LAROQUE TIMBAUT CDTE 47\u00a0&#8211;\u00a0Comit\u00e9 D\u00e9partemental de Tourisme \u00c9questre GHN\u00a0Groupement Hippique National Communaut\u00e9 d&#8217;Agglom\u00e9ration du grand Villeneuvois Syndicat Mixte pour l&#8217;Am\u00e9nagement de la vall\u00e9e du Lot 47 &nbsp; &nbsp; Equith\u00e9rapie : ITEP des Deux Rivi\u00e8res\u00a0\u00e0 Pont du Casse Equus Gestaltung\u00a0\u00e0 Lias d&#8217;Armagnac [&hellip;]<\/p>\n","protected":false},"author":3,"featured_media":0,"parent":0,"menu_order":6,"comment_status":"closed","ping_status":"open","template":"","meta":[],"_links":{"self":[{"href":"https:\/\/hantayo.fr\/web\/wp-json\/wp\/v2\/pages\/37"}],"collection":[{"href":"https:\/\/hantayo.fr\/web\/wp-json\/wp\/v2\/pages"}],"about":[{"href":"https:\/\/hantayo.fr\/web\/wp-json\/wp\/v2\/types\/page"}],"author":[{"embeddable":true,"href":"https:\/\/hantayo.fr\/web\/wp-json\/wp\/v2\/users\/3"}],"replies":[{"embeddable":true,"href":"https:\/\/hantayo.fr\/web\/wp-json\/wp\/v2\/comments?post=37"}],"version-history":[{"count":5,"href":"https:\/\/hantayo.fr\/web\/wp-json\/wp\/v2\/pages\/37\/revisions"}],"predecessor-version":[{"id":822,"href":"https:\/\/hantayo.fr\/web\/wp-json\/wp\/v2\/pages\/37\/revisions\/822"}],"wp:attachment":[{"href":"https:\/\/hantayo.fr\/web\/wp-json\/wp\/v2\/media?parent=37"}],"curies":[{"name":"wp","href":"https:\/\/api.w.org\/{rel}","templated":true}]}}