{"id":68,"date":"2011-11-02T09:18:13","date_gmt":"2011-11-02T08:18:13","guid":{"rendered":"http:\/\/www.hantayo.fr\/hantayo\/?page_id=68"},"modified":"2018-09-15T00:17:16","modified_gmt":"2018-09-14T22:17:16","slug":"promenades-thematiques","status":"publish","type":"page","link":"https:\/\/hantayo.fr\/web\/randonnees\/promenades-thematiques\/","title":{"rendered":"Th\u00e9matiques de balades"},"content":{"rendered":"<p><img decoding=\"async\" loading=\"lazy\" class=\"alignnone size-full wp-image-97\" title=\"shim\" src=\"http:\/\/hantayo.fr\/web\/wp-content\/uploads\/2011\/08\/shim.png\" alt=\"shim\" width=\"622\" height=\"18\" srcset=\"https:\/\/hantayo.fr\/web\/wp-content\/uploads\/2011\/08\/shim.png 622w, https:\/\/hantayo.fr\/web\/wp-content\/uploads\/2011\/08\/shim-300x8.png 300w\" sizes=\"(max-width: 622px) 100vw, 622px\" \/><\/p>\n<table border=\"0\" width=\"650\" cellspacing=\"3\" cellpadding=\"3\">\n<tbody>\n<tr>\n<td align=\"left\" valign=\"top\"><img decoding=\"async\" loading=\"lazy\" class=\"alignnone size-medium wp-image-181\" title=\"photo-06\" src=\"http:\/\/hantayo.fr\/web\/wp-content\/uploads\/2011\/11\/photo-06-300x244.jpg\" alt=\"photo-06\" width=\"270\" height=\"220\" srcset=\"https:\/\/hantayo.fr\/web\/wp-content\/uploads\/2011\/11\/photo-06-300x244.jpg 300w, https:\/\/hantayo.fr\/web\/wp-content\/uploads\/2011\/11\/photo-06.jpg 500w\" sizes=\"(max-width: 270px) 100vw, 270px\" \/><\/td>\n<td align=\"left\" valign=\"top\">\n<h3><strong>Randonn\u00e9es th\u00e9matiques<\/strong><\/h3>\n<p>Hantayo vous propose 8 randonn\u00e9es th\u00e9matiques pour d\u00e9couvrir le pays occitan de diff\u00e9rentes fa\u00e7ons. A d\u00e9couvrir directement \u00e0 la ferme ou en nous contactant.<\/p>\n<h3><strong>Randonn\u00e9es personnalis\u00e9es et sur-mesure<\/strong><\/h3>\n<p>Vous souhaitez cr\u00e9er vous-m\u00eame votre randonn\u00e9e et \u00eatre accompagn\u00e9 dans sa r\u00e9alisation ? Hantayo met \u00e0 votre disposition ses connaissances de la r\u00e9gion pour vous aider dans la cr\u00e9ation de votre randonn\u00e9e personnalis\u00e9e.<\/p>\n<p><a href=\"https:\/\/hantayo.fr\/web\/nos-tarifs\/\">Nos tarifs<\/a><\/td>\n<\/tr>\n<\/tbody>\n<\/table>\n","protected":false},"excerpt":{"rendered":"<p>Randonn\u00e9es th\u00e9matiques Hantayo vous propose 8 randonn\u00e9es th\u00e9matiques pour d\u00e9couvrir le pays occitan de diff\u00e9rentes fa\u00e7ons. A d\u00e9couvrir directement \u00e0 la ferme ou en nous contactant. Randonn\u00e9es personnalis\u00e9es et sur-mesure Vous souhaitez cr\u00e9er vous-m\u00eame votre randonn\u00e9e et \u00eatre accompagn\u00e9 dans sa r\u00e9alisation ? Hantayo met \u00e0 votre disposition ses connaissances de la r\u00e9gion pour vous [&hellip;]<\/p>\n","protected":false},"author":3,"featured_media":0,"parent":21,"menu_order":3,"comment_status":"open","ping_status":"closed","template":"","meta":[],"_links":{"self":[{"href":"https:\/\/hantayo.fr\/web\/wp-json\/wp\/v2\/pages\/68"}],"collection":[{"href":"https:\/\/hantayo.fr\/web\/wp-json\/wp\/v2\/pages"}],"about":[{"href":"https:\/\/hantayo.fr\/web\/wp-json\/wp\/v2\/types\/page"}],"author":[{"embeddable":true,"href":"https:\/\/hantayo.fr\/web\/wp-json\/wp\/v2\/users\/3"}],"replies":[{"embeddable":true,"href":"https:\/\/hantayo.fr\/web\/wp-json\/wp\/v2\/comments?post=68"}],"version-history":[{"count":1,"href":"https:\/\/hantayo.fr\/web\/wp-json\/wp\/v2\/pages\/68\/revisions"}],"predecessor-version":[{"id":960,"href":"https:\/\/hantayo.fr\/web\/wp-json\/wp\/v2\/pages\/68\/revisions\/960"}],"up":[{"embeddable":true,"href":"https:\/\/hantayo.fr\/web\/wp-json\/wp\/v2\/pages\/21"}],"wp:attachment":[{"href":"https:\/\/hantayo.fr\/web\/wp-json\/wp\/v2\/media?parent=68"}],"curies":[{"name":"wp","href":"https:\/\/api.w.org\/{rel}","templated":true}]}}